{"id":359,"date":"2021-02-03T15:59:08","date_gmt":"2021-02-03T15:59:08","guid":{"rendered":"http:\/\/bioseklas.lv\/?product=import-placeholder-for-392"},"modified":"2023-12-02T13:28:36","modified_gmt":"2023-12-02T11:28:36","slug":"facelija","status":"publish","type":"product","link":"https:\/\/bioseklas.lv\/?product=facelija","title":{"rendered":"Fac\u0113lijas s\u0113kla C kategorija"},"content":{"rendered":"<p><span class=\"TextRun SCXW179648600 BCX0\" lang=\"LV-LV\" xml:lang=\"LV-LV\" data-contrast=\"auto\"><span class=\"NormalTextRun SCXW179648600 BCX0\">Fac\u0113liju var izmantot k\u0101 virsaugu citiem daudzgad\u012bgiem nekt\u0101r<\/span><\/span><span class=\"TextRun SCXW179648600 BCX0\" lang=\"LV-LV\" xml:lang=\"LV-LV\" data-contrast=\"auto\"><span class=\"NormalTextRun SCXW179648600 BCX0\">augiem \u2013\u00a0<\/span><\/span><span class=\"TextRun SCXW179648600 BCX0\" lang=\"LV-LV\" xml:lang=\"LV-LV\" data-contrast=\"auto\"><span class=\"NormalTextRun SCXW179648600 BCX0\">\u00a0amoli\u0146am, zilajam dagl\u012btim, e\u017eziedei<\/span><\/span><span class=\"TextRun SCXW179648600 BCX0\" lang=\"LV-LV\" xml:lang=\"LV-LV\" data-contrast=\"auto\"><span class=\"NormalTextRun SCXW179648600 BCX0\">. Lab\u0101kais s\u0113jas laiks ir no pavasara l\u012bdz vasaras vidum.<\/span><\/span><span class=\"TextRun SCXW179648600 BCX0\" lang=\"LV-LV\" xml:lang=\"LV-LV\" data-contrast=\"auto\"><span class=\"NormalTextRun SCXW179648600 BCX0\">\u00a0<\/span><\/span><span class=\"TextRun SCXW179648600 BCX0\" lang=\"LV-LV\" xml:lang=\"LV-LV\" data-contrast=\"auto\"><span class=\"NormalTextRun SCXW179648600 BCX0\">Izs\u0113jam norma t\u012brs\u0113j\u0101 ap 10kg\/ha, k\u0101 virsaugs 5kg\/ha.\u00a0<\/span><\/span><span class=\"TextRun SCXW179648600 BCX0\" lang=\"LV-LV\" xml:lang=\"LV-LV\" data-contrast=\"auto\"><span class=\"NormalTextRun SCXW179648600 BCX0\">S\u0113ju veic ar t\u0101du apr\u0113\u0137inu, lai fac\u0113lijas uzzied\u0113tu tie\u0161i taj\u0101 laik\u0101, kad citu nekt\u0101raugu tr\u016bkst. No fac\u0113lijas var\u00a0 ieg\u016bt\u00a0 l\u012bdz 300 kg\/ha lielu medus ra\u017eu. P\u0113c s\u0113jas pirmie ziedi fac\u0113lijai par\u0101d\u0101s p\u0113c 40\u201345 dien\u0101m, t\u0101 zied apm\u0113ram 45\u201355 dienas. Bites to apmekl\u0113 visu dienu l\u012bdz v\u0113lam vakaram. No fac\u0113lijas ieg\u016btais medus ir gai\u0161i za\u013cgans vai bezkr\u0101sains ar pat\u012bkamu smar\u017eu un labu gar\u0161u \u2013 l\u012bdzv\u0113rt\u012bgs liepu medum. Tas kristaliz\u0113jas l\u0113ni, k\u0101r\u0113s medus nekristaliz\u0113jas, t\u0101d\u0113\u013c to var izmantot bi\u0161u ziemas bar\u012bbai. Bez nekt\u0101ra no fac\u0113lijas bites ieg\u016bst ar\u012b putek\u0161\u0146us, tie ir zil\u0101 vai zili violet\u0101 kr\u0101s\u0101.<\/span><\/span><span class=\"TextRun SCXW179648600 BCX0\" lang=\"LV-LV\" xml:lang=\"LV-LV\" data-contrast=\"auto\"><span class=\"NormalTextRun SCXW179648600 BCX0\">\u00a0 V\u0113l \u0161o augu var izmantot k\u0101\u00a0<\/span><\/span><span class=\"TextRun SCXW179648600 BCX0\" lang=\"LV-LV\" xml:lang=\"LV-LV\" data-contrast=\"auto\"><span class=\"SpellingError SCXW179648600 BCX0\">starpkult\u016bru<\/span><\/span><span class=\"TextRun SCXW179648600 BCX0\" lang=\"LV-LV\" xml:lang=\"LV-LV\" data-contrast=\"auto\"><span class=\"NormalTextRun SCXW179648600 BCX0\">\u00a0un\u00a0<\/span><\/span><span class=\"TextRun SCXW179648600 BCX0\" lang=\"LV-LV\" xml:lang=\"LV-LV\" data-contrast=\"auto\"><span class=\"SpellingError SCXW179648600 BCX0\">za\u013cin\u0101\u0161anai<\/span><\/span><span class=\"TextRun SCXW179648600 BCX0\" lang=\"LV-LV\" xml:lang=\"LV-LV\" data-contrast=\"auto\"><span class=\"NormalTextRun SCXW179648600 BCX0\">.<\/span><\/span><span class=\"EOP SCXW179648600 BCX0\" data-ccp-props=\"{&quot;201341983&quot;:0,&quot;335559739&quot;:200,&quot;335559740&quot;:276}\">\u00a0<\/span><\/p>\n","protected":false},"excerpt":{"rendered":"<p>Cena par kg + PVN<\/p>\n","protected":false},"featured_media":439,"comment_status":"open","ping_status":"closed","template":"","meta":{"_monsterinsights_skip_tracking":false,"_monsterinsights_sitenote_active":false,"_monsterinsights_sitenote_note":"","_monsterinsights_sitenote_category":0},"product_brand":[],"product_cat":[35],"product_tag":[],"class_list":{"0":"post-359","1":"product","2":"type-product","3":"status-publish","4":"has-post-thumbnail","6":"product_cat-nektaraugu-seklas","8":"first","9":"instock","10":"taxable","11":"shipping-taxable","12":"purchasable","13":"product-type-simple"},"yoast_head":"<!-- This site is optimized with the Yoast SEO plugin v27.3 - https:\/\/yoast.com\/product\/yoast-seo-wordpress\/ -->\n<title>Fac\u0113lijas s\u0113kla C kategorija -<\/title>\n<meta name=\"description\" content=\"Fac\u0113liju var izmantot k\u0101 virsaugu citiem daudzgad\u012bgiem nekt\u0101raugiem \u2013\u00a0\u00a0amoli\u0146am, zilajam dagl\u012btim, e\u017eziedei.\" \/>\n<meta name=\"robots\" content=\"index, follow, max-snippet:-1, max-image-preview:large, max-video-preview:-1\" \/>\n<link rel=\"canonical\" href=\"https:\/\/bioseklas.lv\/?product=facelija\" \/>\n<meta property=\"og:locale\" content=\"lv_LV\" \/>\n<meta property=\"og:type\" content=\"article\" \/>\n<meta property=\"og:title\" content=\"Fac\u0113lijas s\u0113kla C kategorija -\" \/>\n<meta property=\"og:description\" content=\"Fac\u0113liju var izmantot k\u0101 virsaugu citiem daudzgad\u012bgiem nekt\u0101raugiem \u2013\u00a0\u00a0amoli\u0146am, zilajam dagl\u012btim, e\u017eziedei.\" \/>\n<meta property=\"og:url\" content=\"https:\/\/bioseklas.lv\/?product=facelija\" \/>\n<meta property=\"article:modified_time\" content=\"2023-12-02T11:28:36+00:00\" \/>\n<meta property=\"og:image\" content=\"http:\/\/bioseklas.lv\/wp-content\/uploads\/2021\/02\/image1-348x428-1.gif\" \/>\n\t<meta property=\"og:image:width\" content=\"348\" \/>\n\t<meta property=\"og:image:height\" content=\"428\" \/>\n\t<meta property=\"og:image:type\" content=\"image\/gif\" \/>\n<meta name=\"twitter:card\" content=\"summary_large_image\" \/>\n<meta name=\"twitter:label1\" content=\"Est. reading time\" \/>\n\t<meta name=\"twitter:data1\" content=\"1 min\u016bte\" \/>\n<script type=\"application\/ld+json\" class=\"yoast-schema-graph\">{\"@context\":\"https:\\\/\\\/schema.org\",\"@graph\":[{\"@type\":\"WebPage\",\"@id\":\"https:\\\/\\\/bioseklas.lv\\\/?product=facelija\",\"url\":\"https:\\\/\\\/bioseklas.lv\\\/?product=facelija\",\"name\":\"Fac\u0113lijas s\u0113kla C kategorija -\",\"isPartOf\":{\"@id\":\"https:\\\/\\\/bioseklas.lv\\\/#website\"},\"primaryImageOfPage\":{\"@id\":\"https:\\\/\\\/bioseklas.lv\\\/?product=facelija#primaryimage\"},\"image\":{\"@id\":\"https:\\\/\\\/bioseklas.lv\\\/?product=facelija#primaryimage\"},\"thumbnailUrl\":\"https:\\\/\\\/bioseklas.lv\\\/wp-content\\\/uploads\\\/2021\\\/02\\\/image1-348x428-1.gif\",\"datePublished\":\"2021-02-03T15:59:08+00:00\",\"dateModified\":\"2023-12-02T11:28:36+00:00\",\"description\":\"Fac\u0113liju var izmantot k\u0101 virsaugu citiem daudzgad\u012bgiem nekt\u0101raugiem \u2013\u00a0\u00a0amoli\u0146am, zilajam dagl\u012btim, e\u017eziedei.\",\"breadcrumb\":{\"@id\":\"https:\\\/\\\/bioseklas.lv\\\/?product=facelija#breadcrumb\"},\"inLanguage\":\"lv-LV\",\"potentialAction\":[{\"@type\":\"ReadAction\",\"target\":[\"https:\\\/\\\/bioseklas.lv\\\/?product=facelija\"]}]},{\"@type\":\"ImageObject\",\"inLanguage\":\"lv-LV\",\"@id\":\"https:\\\/\\\/bioseklas.lv\\\/?product=facelija#primaryimage\",\"url\":\"https:\\\/\\\/bioseklas.lv\\\/wp-content\\\/uploads\\\/2021\\\/02\\\/image1-348x428-1.gif\",\"contentUrl\":\"https:\\\/\\\/bioseklas.lv\\\/wp-content\\\/uploads\\\/2021\\\/02\\\/image1-348x428-1.gif\",\"width\":348,\"height\":428},{\"@type\":\"BreadcrumbList\",\"@id\":\"https:\\\/\\\/bioseklas.lv\\\/?product=facelija#breadcrumb\",\"itemListElement\":[{\"@type\":\"ListItem\",\"position\":1,\"name\":\"Home\",\"item\":\"https:\\\/\\\/bioseklas.lv\\\/\"},{\"@type\":\"ListItem\",\"position\":2,\"name\":\"Produkti\",\"item\":\"https:\\\/\\\/bioseklas.lv\\\/?post_type=product\"},{\"@type\":\"ListItem\",\"position\":3,\"name\":\"Fac\u0113lijas s\u0113kla C kategorija\"}]},{\"@type\":\"WebSite\",\"@id\":\"https:\\\/\\\/bioseklas.lv\\\/#website\",\"url\":\"https:\\\/\\\/bioseklas.lv\\\/\",\"name\":\"\",\"description\":\"\",\"potentialAction\":[{\"@type\":\"SearchAction\",\"target\":{\"@type\":\"EntryPoint\",\"urlTemplate\":\"https:\\\/\\\/bioseklas.lv\\\/?s={search_term_string}\"},\"query-input\":{\"@type\":\"PropertyValueSpecification\",\"valueRequired\":true,\"valueName\":\"search_term_string\"}}],\"inLanguage\":\"lv-LV\"}]}<\/script>\n<!-- \/ Yoast SEO plugin. -->","yoast_head_json":{"title":"Fac\u0113lijas s\u0113kla C kategorija -","description":"Fac\u0113liju var izmantot k\u0101 virsaugu citiem daudzgad\u012bgiem nekt\u0101raugiem \u2013\u00a0\u00a0amoli\u0146am, zilajam dagl\u012btim, e\u017eziedei.","robots":{"index":"index","follow":"follow","max-snippet":"max-snippet:-1","max-image-preview":"max-image-preview:large","max-video-preview":"max-video-preview:-1"},"canonical":"https:\/\/bioseklas.lv\/?product=facelija","og_locale":"lv_LV","og_type":"article","og_title":"Fac\u0113lijas s\u0113kla C kategorija -","og_description":"Fac\u0113liju var izmantot k\u0101 virsaugu citiem daudzgad\u012bgiem nekt\u0101raugiem \u2013\u00a0\u00a0amoli\u0146am, zilajam dagl\u012btim, e\u017eziedei.","og_url":"https:\/\/bioseklas.lv\/?product=facelija","article_modified_time":"2023-12-02T11:28:36+00:00","og_image":[{"width":348,"height":428,"url":"http:\/\/bioseklas.lv\/wp-content\/uploads\/2021\/02\/image1-348x428-1.gif","type":"image\/gif"}],"twitter_card":"summary_large_image","twitter_misc":{"Est. reading time":"1 min\u016bte"},"schema":{"@context":"https:\/\/schema.org","@graph":[{"@type":"WebPage","@id":"https:\/\/bioseklas.lv\/?product=facelija","url":"https:\/\/bioseklas.lv\/?product=facelija","name":"Fac\u0113lijas s\u0113kla C kategorija -","isPartOf":{"@id":"https:\/\/bioseklas.lv\/#website"},"primaryImageOfPage":{"@id":"https:\/\/bioseklas.lv\/?product=facelija#primaryimage"},"image":{"@id":"https:\/\/bioseklas.lv\/?product=facelija#primaryimage"},"thumbnailUrl":"https:\/\/bioseklas.lv\/wp-content\/uploads\/2021\/02\/image1-348x428-1.gif","datePublished":"2021-02-03T15:59:08+00:00","dateModified":"2023-12-02T11:28:36+00:00","description":"Fac\u0113liju var izmantot k\u0101 virsaugu citiem daudzgad\u012bgiem nekt\u0101raugiem \u2013\u00a0\u00a0amoli\u0146am, zilajam dagl\u012btim, e\u017eziedei.","breadcrumb":{"@id":"https:\/\/bioseklas.lv\/?product=facelija#breadcrumb"},"inLanguage":"lv-LV","potentialAction":[{"@type":"ReadAction","target":["https:\/\/bioseklas.lv\/?product=facelija"]}]},{"@type":"ImageObject","inLanguage":"lv-LV","@id":"https:\/\/bioseklas.lv\/?product=facelija#primaryimage","url":"https:\/\/bioseklas.lv\/wp-content\/uploads\/2021\/02\/image1-348x428-1.gif","contentUrl":"https:\/\/bioseklas.lv\/wp-content\/uploads\/2021\/02\/image1-348x428-1.gif","width":348,"height":428},{"@type":"BreadcrumbList","@id":"https:\/\/bioseklas.lv\/?product=facelija#breadcrumb","itemListElement":[{"@type":"ListItem","position":1,"name":"Home","item":"https:\/\/bioseklas.lv\/"},{"@type":"ListItem","position":2,"name":"Produkti","item":"https:\/\/bioseklas.lv\/?post_type=product"},{"@type":"ListItem","position":3,"name":"Fac\u0113lijas s\u0113kla C kategorija"}]},{"@type":"WebSite","@id":"https:\/\/bioseklas.lv\/#website","url":"https:\/\/bioseklas.lv\/","name":"","description":"","potentialAction":[{"@type":"SearchAction","target":{"@type":"EntryPoint","urlTemplate":"https:\/\/bioseklas.lv\/?s={search_term_string}"},"query-input":{"@type":"PropertyValueSpecification","valueRequired":true,"valueName":"search_term_string"}}],"inLanguage":"lv-LV"}]}},"jetpack_sharing_enabled":true,"_links":{"self":[{"href":"https:\/\/bioseklas.lv\/index.php?rest_route=\/wp\/v2\/product\/359","targetHints":{"allow":["GET"]}}],"collection":[{"href":"https:\/\/bioseklas.lv\/index.php?rest_route=\/wp\/v2\/product"}],"about":[{"href":"https:\/\/bioseklas.lv\/index.php?rest_route=\/wp\/v2\/types\/product"}],"replies":[{"embeddable":true,"href":"https:\/\/bioseklas.lv\/index.php?rest_route=%2Fwp%2Fv2%2Fcomments&post=359"}],"wp:featuredmedia":[{"embeddable":true,"href":"https:\/\/bioseklas.lv\/index.php?rest_route=\/wp\/v2\/media\/439"}],"wp:attachment":[{"href":"https:\/\/bioseklas.lv\/index.php?rest_route=%2Fwp%2Fv2%2Fmedia&parent=359"}],"wp:term":[{"taxonomy":"product_brand","embeddable":true,"href":"https:\/\/bioseklas.lv\/index.php?rest_route=%2Fwp%2Fv2%2Fproduct_brand&post=359"},{"taxonomy":"product_cat","embeddable":true,"href":"https:\/\/bioseklas.lv\/index.php?rest_route=%2Fwp%2Fv2%2Fproduct_cat&post=359"},{"taxonomy":"product_tag","embeddable":true,"href":"https:\/\/bioseklas.lv\/index.php?rest_route=%2Fwp%2Fv2%2Fproduct_tag&post=359"}],"curies":[{"name":"wp","href":"https:\/\/api.w.org\/{rel}","templated":true}]}}