{"id":349,"date":"2021-02-03T15:59:08","date_gmt":"2021-02-03T15:59:08","guid":{"rendered":"http:\/\/bioseklas.lv\/?product=import-placeholder-for-374"},"modified":"2023-12-02T13:34:14","modified_gmt":"2023-12-02T11:34:14","slug":"zilais-daglitis","status":"publish","type":"product","link":"https:\/\/bioseklas.lv\/?product=zilais-daglitis","title":{"rendered":"Zilais dagl\u012btis"},"content":{"rendered":"<p><span class=\"TextRun SCXW106613862 BCX0\" lang=\"LV-LV\" xml:lang=\"LV-LV\" data-contrast=\"auto\"><span class=\"NormalTextRun SCXW106613862 BCX0\">Zilais dagl\u012btis ir divgad\u012bgs augs, kam pirmaj\u0101 gad\u0101 att\u012bst\u0101s tikai lapu rozete, otraj\u0101 gad\u0101 izaug st\u0101vs, zarains, l\u012bdz 80 cm gar\u0161 stumbrs.\u00a0<\/span><\/span><span class=\"TextRun SCXW106613862 BCX0\" lang=\"LV-LV\" xml:lang=\"LV-LV\" data-contrast=\"auto\"><span class=\"NormalTextRun SCXW106613862 BCX0\">\u00a0T\u0101p\u0113c to izdev\u012bgi s\u0113t kop\u0101\u00a0 ar virsaugu \u2013fac\u0113liju 5kg un dagl\u012bti 4kg\/ha. Pirmaj\u0101 gad\u0101 zied fac\u0113lija, otraj\u0101 dagl\u012btis. Tas\u00a0 z<\/span><\/span><span class=\"TextRun SCXW106613862 BCX0\" lang=\"LV-LV\" xml:lang=\"LV-LV\" data-contrast=\"auto\"><span class=\"NormalTextRun SCXW106613862 BCX0\">ied \u013coti ilgi \u2013 no j\u016bnija vidus l\u012bdz j\u016blija beig\u0101m vai pat v\u0113l ilg\u0101k. Medus ra\u017ea var sasniegt l\u012bdz 300 kg no hekt\u0101ra. Ieg\u016btais medus ir gar\u0161\u012bgs, dzelten\u0101ks nek\u0101 no citiem ziediem sav\u0101ktais, kristaliz\u0113jas vid\u0113ji \u0101tri. No dagl\u012b\u0161a bites iev\u0101c ar\u012b putek\u0161\u0146us.<\/span><\/span><span class=\"EOP SCXW106613862 BCX0\" data-ccp-props=\"{&quot;201341983&quot;:0,&quot;335559739&quot;:200,&quot;335559740&quot;:276}\">\u00a0<\/span><\/p>\n<p>&nbsp;<\/p>\n<p>&nbsp;<\/p>\n","protected":false},"excerpt":{"rendered":"<p>Cena par kilogramu + PVN<\/p>\n","protected":false},"featured_media":587,"comment_status":"open","ping_status":"closed","template":"","meta":{"_monsterinsights_skip_tracking":false,"_monsterinsights_sitenote_active":false,"_monsterinsights_sitenote_note":"","_monsterinsights_sitenote_category":0},"product_brand":[],"product_cat":[34],"product_tag":[],"class_list":{"0":"post-349","1":"product","2":"type-product","3":"status-publish","4":"has-post-thumbnail","6":"product_cat-seklas","8":"first","9":"instock","10":"taxable","11":"shipping-taxable","12":"purchasable","13":"product-type-simple"},"yoast_head":"<!-- This site is optimized with the Yoast SEO plugin v27.3 - https:\/\/yoast.com\/product\/yoast-seo-wordpress\/ -->\n<title>Zilais dagl\u012btis -<\/title>\n<meta name=\"description\" content=\"Zilais dagl\u012btis ir divgad\u012bgs augs, kam pirmaj\u0101 gad\u0101 att\u012bst\u0101s tikai lapu rozete, otraj\u0101 gad\u0101 izaug st\u0101vs, zarains, l\u012bdz 80 cm gar\u0161 stumbrs.\u00a0\" \/>\n<meta name=\"robots\" content=\"index, follow, max-snippet:-1, max-image-preview:large, max-video-preview:-1\" \/>\n<link rel=\"canonical\" href=\"https:\/\/bioseklas.lv\/?product=zilais-daglitis\" \/>\n<meta property=\"og:locale\" content=\"lv_LV\" \/>\n<meta property=\"og:type\" content=\"article\" \/>\n<meta property=\"og:title\" content=\"Zilais dagl\u012btis -\" \/>\n<meta property=\"og:description\" content=\"Zilais dagl\u012btis ir divgad\u012bgs augs, kam pirmaj\u0101 gad\u0101 att\u012bst\u0101s tikai lapu rozete, otraj\u0101 gad\u0101 izaug st\u0101vs, zarains, l\u012bdz 80 cm gar\u0161 stumbrs.\u00a0\" \/>\n<meta property=\"og:url\" content=\"https:\/\/bioseklas.lv\/?product=zilais-daglitis\" \/>\n<meta property=\"article:modified_time\" content=\"2023-12-02T11:34:14+00:00\" \/>\n<meta property=\"og:image\" content=\"http:\/\/bioseklas.lv\/wp-content\/uploads\/2023\/12\/daglitis.jpg\" \/>\n\t<meta property=\"og:image:width\" content=\"1552\" \/>\n\t<meta property=\"og:image:height\" content=\"873\" \/>\n\t<meta property=\"og:image:type\" content=\"image\/jpeg\" \/>\n<meta name=\"twitter:card\" content=\"summary_large_image\" \/>\n<meta name=\"twitter:label1\" content=\"Est. reading time\" \/>\n\t<meta name=\"twitter:data1\" content=\"1 min\u016bte\" \/>\n<script type=\"application\/ld+json\" class=\"yoast-schema-graph\">{\"@context\":\"https:\\\/\\\/schema.org\",\"@graph\":[{\"@type\":\"WebPage\",\"@id\":\"https:\\\/\\\/bioseklas.lv\\\/?product=zilais-daglitis\",\"url\":\"https:\\\/\\\/bioseklas.lv\\\/?product=zilais-daglitis\",\"name\":\"Zilais dagl\u012btis -\",\"isPartOf\":{\"@id\":\"https:\\\/\\\/bioseklas.lv\\\/#website\"},\"primaryImageOfPage\":{\"@id\":\"https:\\\/\\\/bioseklas.lv\\\/?product=zilais-daglitis#primaryimage\"},\"image\":{\"@id\":\"https:\\\/\\\/bioseklas.lv\\\/?product=zilais-daglitis#primaryimage\"},\"thumbnailUrl\":\"https:\\\/\\\/bioseklas.lv\\\/wp-content\\\/uploads\\\/2023\\\/12\\\/daglitis.jpg\",\"datePublished\":\"2021-02-03T15:59:08+00:00\",\"dateModified\":\"2023-12-02T11:34:14+00:00\",\"description\":\"Zilais dagl\u012btis ir divgad\u012bgs augs, kam pirmaj\u0101 gad\u0101 att\u012bst\u0101s tikai lapu rozete, otraj\u0101 gad\u0101 izaug st\u0101vs, zarains, l\u012bdz 80 cm gar\u0161 stumbrs.\u00a0\",\"breadcrumb\":{\"@id\":\"https:\\\/\\\/bioseklas.lv\\\/?product=zilais-daglitis#breadcrumb\"},\"inLanguage\":\"lv-LV\",\"potentialAction\":[{\"@type\":\"ReadAction\",\"target\":[\"https:\\\/\\\/bioseklas.lv\\\/?product=zilais-daglitis\"]}]},{\"@type\":\"ImageObject\",\"inLanguage\":\"lv-LV\",\"@id\":\"https:\\\/\\\/bioseklas.lv\\\/?product=zilais-daglitis#primaryimage\",\"url\":\"https:\\\/\\\/bioseklas.lv\\\/wp-content\\\/uploads\\\/2023\\\/12\\\/daglitis.jpg\",\"contentUrl\":\"https:\\\/\\\/bioseklas.lv\\\/wp-content\\\/uploads\\\/2023\\\/12\\\/daglitis.jpg\",\"width\":1552,\"height\":873},{\"@type\":\"BreadcrumbList\",\"@id\":\"https:\\\/\\\/bioseklas.lv\\\/?product=zilais-daglitis#breadcrumb\",\"itemListElement\":[{\"@type\":\"ListItem\",\"position\":1,\"name\":\"Home\",\"item\":\"https:\\\/\\\/bioseklas.lv\\\/\"},{\"@type\":\"ListItem\",\"position\":2,\"name\":\"Produkti\",\"item\":\"https:\\\/\\\/bioseklas.lv\\\/?post_type=product\"},{\"@type\":\"ListItem\",\"position\":3,\"name\":\"Zilais dagl\u012btis\"}]},{\"@type\":\"WebSite\",\"@id\":\"https:\\\/\\\/bioseklas.lv\\\/#website\",\"url\":\"https:\\\/\\\/bioseklas.lv\\\/\",\"name\":\"\",\"description\":\"\",\"potentialAction\":[{\"@type\":\"SearchAction\",\"target\":{\"@type\":\"EntryPoint\",\"urlTemplate\":\"https:\\\/\\\/bioseklas.lv\\\/?s={search_term_string}\"},\"query-input\":{\"@type\":\"PropertyValueSpecification\",\"valueRequired\":true,\"valueName\":\"search_term_string\"}}],\"inLanguage\":\"lv-LV\"}]}<\/script>\n<!-- \/ Yoast SEO plugin. -->","yoast_head_json":{"title":"Zilais dagl\u012btis -","description":"Zilais dagl\u012btis ir divgad\u012bgs augs, kam pirmaj\u0101 gad\u0101 att\u012bst\u0101s tikai lapu rozete, otraj\u0101 gad\u0101 izaug st\u0101vs, zarains, l\u012bdz 80 cm gar\u0161 stumbrs.\u00a0","robots":{"index":"index","follow":"follow","max-snippet":"max-snippet:-1","max-image-preview":"max-image-preview:large","max-video-preview":"max-video-preview:-1"},"canonical":"https:\/\/bioseklas.lv\/?product=zilais-daglitis","og_locale":"lv_LV","og_type":"article","og_title":"Zilais dagl\u012btis -","og_description":"Zilais dagl\u012btis ir divgad\u012bgs augs, kam pirmaj\u0101 gad\u0101 att\u012bst\u0101s tikai lapu rozete, otraj\u0101 gad\u0101 izaug st\u0101vs, zarains, l\u012bdz 80 cm gar\u0161 stumbrs.\u00a0","og_url":"https:\/\/bioseklas.lv\/?product=zilais-daglitis","article_modified_time":"2023-12-02T11:34:14+00:00","og_image":[{"width":1552,"height":873,"url":"http:\/\/bioseklas.lv\/wp-content\/uploads\/2023\/12\/daglitis.jpg","type":"image\/jpeg"}],"twitter_card":"summary_large_image","twitter_misc":{"Est. reading time":"1 min\u016bte"},"schema":{"@context":"https:\/\/schema.org","@graph":[{"@type":"WebPage","@id":"https:\/\/bioseklas.lv\/?product=zilais-daglitis","url":"https:\/\/bioseklas.lv\/?product=zilais-daglitis","name":"Zilais dagl\u012btis -","isPartOf":{"@id":"https:\/\/bioseklas.lv\/#website"},"primaryImageOfPage":{"@id":"https:\/\/bioseklas.lv\/?product=zilais-daglitis#primaryimage"},"image":{"@id":"https:\/\/bioseklas.lv\/?product=zilais-daglitis#primaryimage"},"thumbnailUrl":"https:\/\/bioseklas.lv\/wp-content\/uploads\/2023\/12\/daglitis.jpg","datePublished":"2021-02-03T15:59:08+00:00","dateModified":"2023-12-02T11:34:14+00:00","description":"Zilais dagl\u012btis ir divgad\u012bgs augs, kam pirmaj\u0101 gad\u0101 att\u012bst\u0101s tikai lapu rozete, otraj\u0101 gad\u0101 izaug st\u0101vs, zarains, l\u012bdz 80 cm gar\u0161 stumbrs.\u00a0","breadcrumb":{"@id":"https:\/\/bioseklas.lv\/?product=zilais-daglitis#breadcrumb"},"inLanguage":"lv-LV","potentialAction":[{"@type":"ReadAction","target":["https:\/\/bioseklas.lv\/?product=zilais-daglitis"]}]},{"@type":"ImageObject","inLanguage":"lv-LV","@id":"https:\/\/bioseklas.lv\/?product=zilais-daglitis#primaryimage","url":"https:\/\/bioseklas.lv\/wp-content\/uploads\/2023\/12\/daglitis.jpg","contentUrl":"https:\/\/bioseklas.lv\/wp-content\/uploads\/2023\/12\/daglitis.jpg","width":1552,"height":873},{"@type":"BreadcrumbList","@id":"https:\/\/bioseklas.lv\/?product=zilais-daglitis#breadcrumb","itemListElement":[{"@type":"ListItem","position":1,"name":"Home","item":"https:\/\/bioseklas.lv\/"},{"@type":"ListItem","position":2,"name":"Produkti","item":"https:\/\/bioseklas.lv\/?post_type=product"},{"@type":"ListItem","position":3,"name":"Zilais dagl\u012btis"}]},{"@type":"WebSite","@id":"https:\/\/bioseklas.lv\/#website","url":"https:\/\/bioseklas.lv\/","name":"","description":"","potentialAction":[{"@type":"SearchAction","target":{"@type":"EntryPoint","urlTemplate":"https:\/\/bioseklas.lv\/?s={search_term_string}"},"query-input":{"@type":"PropertyValueSpecification","valueRequired":true,"valueName":"search_term_string"}}],"inLanguage":"lv-LV"}]}},"jetpack_sharing_enabled":true,"_links":{"self":[{"href":"https:\/\/bioseklas.lv\/index.php?rest_route=\/wp\/v2\/product\/349","targetHints":{"allow":["GET"]}}],"collection":[{"href":"https:\/\/bioseklas.lv\/index.php?rest_route=\/wp\/v2\/product"}],"about":[{"href":"https:\/\/bioseklas.lv\/index.php?rest_route=\/wp\/v2\/types\/product"}],"replies":[{"embeddable":true,"href":"https:\/\/bioseklas.lv\/index.php?rest_route=%2Fwp%2Fv2%2Fcomments&post=349"}],"wp:featuredmedia":[{"embeddable":true,"href":"https:\/\/bioseklas.lv\/index.php?rest_route=\/wp\/v2\/media\/587"}],"wp:attachment":[{"href":"https:\/\/bioseklas.lv\/index.php?rest_route=%2Fwp%2Fv2%2Fmedia&parent=349"}],"wp:term":[{"taxonomy":"product_brand","embeddable":true,"href":"https:\/\/bioseklas.lv\/index.php?rest_route=%2Fwp%2Fv2%2Fproduct_brand&post=349"},{"taxonomy":"product_cat","embeddable":true,"href":"https:\/\/bioseklas.lv\/index.php?rest_route=%2Fwp%2Fv2%2Fproduct_cat&post=349"},{"taxonomy":"product_tag","embeddable":true,"href":"https:\/\/bioseklas.lv\/index.php?rest_route=%2Fwp%2Fv2%2Fproduct_tag&post=349"}],"curies":[{"name":"wp","href":"https:\/\/api.w.org\/{rel}","templated":true}]}}